{"id":38,"date":"2017-01-10T17:19:18","date_gmt":"2017-01-10T16:19:18","guid":{"rendered":"http:\/\/www.physiotherapie-andreas-mittermeier.de\/wordpress\/?page_id=38"},"modified":"2023-10-09T09:53:21","modified_gmt":"2023-10-09T07:53:21","slug":"leistungen","status":"publish","type":"page","link":"http:\/\/www.physiotherapie-andreas-mittermeier.de\/?page_id=38","title":{"rendered":"Leistungen"},"content":{"rendered":"<h1>Manuelle Therapie \u00b7 Lymphdrainage<\/h1>\n<p><strong>Manuelle Therapie:<\/strong><br \/>\nSchon im Altertum wurden R\u00fcckenschmerzen mit speziellen Griff- und Massagetechniken behandelt. Im Mittelalter widmeten sich sogenannte \u201eGliedersetzer\u201c den Knochen und Gelenkschmerzen ihrer Patienten. Mit klassischer manueller Therapie werden gemeinhin Funktionsst\u00f6rungen des gesamten Bewegungsapparates behandelt. Oft auch als begleitende Therapie zu einer medikament\u00f6sen Behandlung.<\/p>\n<p><strong>Lymphdrainage:<\/strong><br \/>\nDie manuelle Lymphdrainage ist eine Form der physikalischen Therapien und fester Bestandteil der Lymphtherapie. Ihre Anwendungsgebiete sind breit gef\u00e4chert. Sie dient vor allem als \u00d6dem- und Entstauungstherapie \u00f6demat\u00f6ser K\u00f6rperregionen, wie K\u00f6rperstamm und Extremit\u00e4ten (Arme und Beine), welche nach Traumata oder Operationen entstehen k\u00f6nnen. Besonders h\u00e4ufig wird diese Therapie nach einer Tumorbehandlung bzw. Lymphknotenentfernung verschrieben.<\/p>\n","protected":false},"excerpt":{"rendered":"<p>Manuelle Therapie \u00b7 Lymphdrainage Manuelle Therapie: Schon im Altertum wurden R\u00fcckenschmerzen mit speziellen Griff- und Massagetechniken behandelt. Im Mittelalter widmeten sich sogenannte \u201eGliedersetzer\u201c den Knochen und Gelenkschmerzen ihrer Patienten. Mit klassischer manueller Therapie werden gemeinhin Funktionsst\u00f6rungen des gesamten Bewegungsapparates behandelt. Oft auch als begleitende Therapie zu einer medikament\u00f6sen Behandlung. Lymphdrainage: Die manuelle Lymphdrainage ist eine [&hellip;]<\/p>\n","protected":false},"author":2,"featured_media":0,"parent":0,"menu_order":0,"comment_status":"closed","ping_status":"closed","template":"page-fullwidth.php","meta":{"footnotes":""},"class_list":["post-38","page","type-page","status-publish","hentry"],"_links":{"self":[{"href":"http:\/\/www.physiotherapie-andreas-mittermeier.de\/index.php?rest_route=\/wp\/v2\/pages\/38","targetHints":{"allow":["GET"]}}],"collection":[{"href":"http:\/\/www.physiotherapie-andreas-mittermeier.de\/index.php?rest_route=\/wp\/v2\/pages"}],"about":[{"href":"http:\/\/www.physiotherapie-andreas-mittermeier.de\/index.php?rest_route=\/wp\/v2\/types\/page"}],"author":[{"embeddable":true,"href":"http:\/\/www.physiotherapie-andreas-mittermeier.de\/index.php?rest_route=\/wp\/v2\/users\/2"}],"replies":[{"embeddable":true,"href":"http:\/\/www.physiotherapie-andreas-mittermeier.de\/index.php?rest_route=%2Fwp%2Fv2%2Fcomments&post=38"}],"version-history":[{"count":12,"href":"http:\/\/www.physiotherapie-andreas-mittermeier.de\/index.php?rest_route=\/wp\/v2\/pages\/38\/revisions"}],"predecessor-version":[{"id":210,"href":"http:\/\/www.physiotherapie-andreas-mittermeier.de\/index.php?rest_route=\/wp\/v2\/pages\/38\/revisions\/210"}],"wp:attachment":[{"href":"http:\/\/www.physiotherapie-andreas-mittermeier.de\/index.php?rest_route=%2Fwp%2Fv2%2Fmedia&parent=38"}],"curies":[{"name":"wp","href":"https:\/\/api.w.org\/{rel}","templated":true}]}}